{"id":3374,"date":"2024-05-02T15:16:44","date_gmt":"2024-05-02T13:16:44","guid":{"rendered":"https:\/\/the-drays.com\/univers\/get-the-drays\/"},"modified":"2024-11-21T14:11:05","modified_gmt":"2024-11-21T13:11:05","slug":"get-the-drays","status":"publish","type":"page","link":"https:\/\/the-drays.com\/en\/univers\/get-the-drays","title":{"rendered":"Get the Drays"},"content":{"rendered":"<p style=\"text-align: center;\"><strong>Mood boh\u00eame avec une \u00e2me romanesque<\/strong>,<\/p>\n<p style=\"text-align: center;\">les cr\u00e9ations The Drays <em>racontent des histoires<\/em><\/p>\n","protected":false},"excerpt":{"rendered":"<p>Mood boh\u00eame avec une \u00e2me romanesque, les cr\u00e9ations The Drays racontent des histoires\n<\/p>","protected":false},"author":5,"featured_media":837,"parent":3373,"menu_order":0,"comment_status":"closed","ping_status":"closed","template":"template-presentation-page.php","meta":{"_acf_changed":false,"footnotes":""},"class_list":["post-3374","page","type-page","status-publish","has-post-thumbnail","hentry"],"acf":[],"yoast_head":"<!-- This site is optimized with the Yoast SEO plugin v23.5 - https:\/\/yoast.com\/wordpress\/plugins\/seo\/ -->\n<title>Get The Drays - Jewelry &amp; Luxury Jewelry | The Drays<\/title>\n<meta name=\"description\" content=\"Dive into the unique world of The Drays. Discover our universe through our original luxury creations and jewelry.\" \/>\n<meta name=\"robots\" content=\"index, follow, max-snippet:-1, max-image-preview:large, max-video-preview:-1\" \/>\n<link rel=\"canonical\" href=\"https:\/\/the-drays.com\/en\/univers\/get-the-drays\" \/>\n<meta property=\"og:locale\" content=\"en_US\" \/>\n<meta property=\"og:type\" content=\"article\" \/>\n<meta property=\"og:title\" content=\"Get The Drays - Jewelry &amp; Luxury Jewelry | The Drays\" \/>\n<meta property=\"og:description\" content=\"Dive into the unique world of The Drays. Discover our universe through our original luxury creations and jewelry.\" \/>\n<meta property=\"og:url\" content=\"https:\/\/the-drays.com\/en\/univers\/get-the-drays\" \/>\n<meta property=\"og:site_name\" content=\"The Drays\" \/>\n<meta property=\"article:publisher\" content=\"https:\/\/www.facebook.com\/people\/The-Drays\/61562628352791\/\" \/>\n<meta property=\"article:modified_time\" content=\"2024-11-21T13:11:05+00:00\" \/>\n<meta property=\"og:image\" content=\"https:\/\/the-drays.com\/wp-content\/uploads\/2024\/05\/Homepage_20240208_TheDrays_Clara_0233-1-scaled.jpg\" \/>\n\t<meta property=\"og:image:width\" content=\"2560\" \/>\n\t<meta property=\"og:image:height\" content=\"1920\" \/>\n\t<meta property=\"og:image:type\" content=\"image\/jpeg\" \/>\n<meta name=\"twitter:card\" content=\"summary_large_image\" \/>\n<meta name=\"twitter:label1\" content=\"Est. reading time\" \/>\n\t<meta name=\"twitter:data1\" content=\"1 minute\" \/>\n<script type=\"application\/ld+json\" class=\"yoast-schema-graph\">{\"@context\":\"https:\/\/schema.org\",\"@graph\":[{\"@type\":\"WebPage\",\"@id\":\"https:\/\/the-drays.com\/en\/univers\/get-the-drays\",\"url\":\"https:\/\/the-drays.com\/en\/univers\/get-the-drays\",\"name\":\"Get The Drays - Jewelry & Luxury Jewelry | The Drays\",\"isPartOf\":{\"@id\":\"https:\/\/the-drays.com\/en\/#website\"},\"primaryImageOfPage\":{\"@id\":\"https:\/\/the-drays.com\/en\/univers\/get-the-drays#primaryimage\"},\"image\":{\"@id\":\"https:\/\/the-drays.com\/en\/univers\/get-the-drays#primaryimage\"},\"thumbnailUrl\":\"https:\/\/the-drays.com\/wp-content\/uploads\/2024\/05\/Homepage_20240208_TheDrays_Clara_0233-1-scaled.jpg\",\"datePublished\":\"2024-05-02T13:16:44+00:00\",\"dateModified\":\"2024-11-21T13:11:05+00:00\",\"description\":\"Dive into the unique world of The Drays. Discover our universe through our original luxury creations and jewelry.\",\"breadcrumb\":{\"@id\":\"https:\/\/the-drays.com\/en\/univers\/get-the-drays#breadcrumb\"},\"inLanguage\":\"en-US\",\"potentialAction\":[{\"@type\":\"ReadAction\",\"target\":[\"https:\/\/the-drays.com\/en\/univers\/get-the-drays\"]}]},{\"@type\":\"ImageObject\",\"inLanguage\":\"en-US\",\"@id\":\"https:\/\/the-drays.com\/en\/univers\/get-the-drays#primaryimage\",\"url\":\"https:\/\/the-drays.com\/wp-content\/uploads\/2024\/05\/Homepage_20240208_TheDrays_Clara_0233-1-scaled.jpg\",\"contentUrl\":\"https:\/\/the-drays.com\/wp-content\/uploads\/2024\/05\/Homepage_20240208_TheDrays_Clara_0233-1-scaled.jpg\",\"width\":2560,\"height\":1920,\"caption\":\"Bijoux de haute joaillerie | The Drays\"},{\"@type\":\"BreadcrumbList\",\"@id\":\"https:\/\/the-drays.com\/en\/univers\/get-the-drays#breadcrumb\",\"itemListElement\":[{\"@type\":\"ListItem\",\"position\":1,\"name\":\"Home\",\"item\":\"https:\/\/the-drays.com\/en\"},{\"@type\":\"ListItem\",\"position\":2,\"name\":\"World\",\"item\":\"https:\/\/the-drays.com\/en\/univers\"},{\"@type\":\"ListItem\",\"position\":3,\"name\":\"Get the Drays\"}]},{\"@type\":\"WebSite\",\"@id\":\"https:\/\/the-drays.com\/en\/#website\",\"url\":\"https:\/\/the-drays.com\/en\/\",\"name\":\"The Drays\",\"description\":\"\",\"publisher\":{\"@id\":\"https:\/\/the-drays.com\/en\/#organization\"},\"potentialAction\":[{\"@type\":\"SearchAction\",\"target\":{\"@type\":\"EntryPoint\",\"urlTemplate\":\"https:\/\/the-drays.com\/en\/?s={search_term_string}\"},\"query-input\":{\"@type\":\"PropertyValueSpecification\",\"valueRequired\":true,\"valueName\":\"search_term_string\"}}],\"inLanguage\":\"en-US\"},{\"@type\":\"Organization\",\"@id\":\"https:\/\/the-drays.com\/en\/#organization\",\"name\":\"The Drays\",\"url\":\"https:\/\/the-drays.com\/en\/\",\"logo\":{\"@type\":\"ImageObject\",\"inLanguage\":\"en-US\",\"@id\":\"https:\/\/the-drays.com\/en\/#\/schema\/logo\/image\/\",\"url\":\"https:\/\/the-drays.com\/wp-content\/uploads\/2023\/12\/logo.svg\",\"contentUrl\":\"https:\/\/the-drays.com\/wp-content\/uploads\/2023\/12\/logo.svg\",\"caption\":\"The Drays\"},\"image\":{\"@id\":\"https:\/\/the-drays.com\/en\/#\/schema\/logo\/image\/\"},\"sameAs\":[\"https:\/\/www.facebook.com\/people\/The-Drays\/61562628352791\/\",\"https:\/\/www.instagram.com\/thedrays.brand\/\"],\"address\":{\"@type\":\"PostalAddress\",\"addressCountry\":\"FR\",\"addressLocality\":\"\",\"postalCode\":\"\",\"streetAddress\":\"\"}}]}<\/script>\n<!-- \/ Yoast SEO plugin. -->","yoast_head_json":{"title":"Get The Drays - Jewelry & Luxury Jewelry | The Drays","description":"Dive into the unique world of The Drays. Discover our universe through our original luxury creations and jewelry.","robots":{"index":"index","follow":"follow","max-snippet":"max-snippet:-1","max-image-preview":"max-image-preview:large","max-video-preview":"max-video-preview:-1"},"canonical":"https:\/\/the-drays.com\/en\/univers\/get-the-drays","og_locale":"en_US","og_type":"article","og_title":"Get The Drays - Jewelry & Luxury Jewelry | The Drays","og_description":"Dive into the unique world of The Drays. Discover our universe through our original luxury creations and jewelry.","og_url":"https:\/\/the-drays.com\/en\/univers\/get-the-drays","og_site_name":"The Drays","article_publisher":"https:\/\/www.facebook.com\/people\/The-Drays\/61562628352791\/","article_modified_time":"2024-11-21T13:11:05+00:00","og_image":[{"width":2560,"height":1920,"url":"https:\/\/the-drays.com\/wp-content\/uploads\/2024\/05\/Homepage_20240208_TheDrays_Clara_0233-1-scaled.jpg","type":"image\/jpeg"}],"twitter_card":"summary_large_image","twitter_misc":{"Est. reading time":"1 minute"},"schema":{"@context":"https:\/\/schema.org","@graph":[{"@type":"WebPage","@id":"https:\/\/the-drays.com\/en\/univers\/get-the-drays","url":"https:\/\/the-drays.com\/en\/univers\/get-the-drays","name":"Get The Drays - Jewelry & Luxury Jewelry | The Drays","isPartOf":{"@id":"https:\/\/the-drays.com\/en\/#website"},"primaryImageOfPage":{"@id":"https:\/\/the-drays.com\/en\/univers\/get-the-drays#primaryimage"},"image":{"@id":"https:\/\/the-drays.com\/en\/univers\/get-the-drays#primaryimage"},"thumbnailUrl":"https:\/\/the-drays.com\/wp-content\/uploads\/2024\/05\/Homepage_20240208_TheDrays_Clara_0233-1-scaled.jpg","datePublished":"2024-05-02T13:16:44+00:00","dateModified":"2024-11-21T13:11:05+00:00","description":"Dive into the unique world of The Drays. Discover our universe through our original luxury creations and jewelry.","breadcrumb":{"@id":"https:\/\/the-drays.com\/en\/univers\/get-the-drays#breadcrumb"},"inLanguage":"en-US","potentialAction":[{"@type":"ReadAction","target":["https:\/\/the-drays.com\/en\/univers\/get-the-drays"]}]},{"@type":"ImageObject","inLanguage":"en-US","@id":"https:\/\/the-drays.com\/en\/univers\/get-the-drays#primaryimage","url":"https:\/\/the-drays.com\/wp-content\/uploads\/2024\/05\/Homepage_20240208_TheDrays_Clara_0233-1-scaled.jpg","contentUrl":"https:\/\/the-drays.com\/wp-content\/uploads\/2024\/05\/Homepage_20240208_TheDrays_Clara_0233-1-scaled.jpg","width":2560,"height":1920,"caption":"Bijoux de haute joaillerie | The Drays"},{"@type":"BreadcrumbList","@id":"https:\/\/the-drays.com\/en\/univers\/get-the-drays#breadcrumb","itemListElement":[{"@type":"ListItem","position":1,"name":"Home","item":"https:\/\/the-drays.com\/en"},{"@type":"ListItem","position":2,"name":"World","item":"https:\/\/the-drays.com\/en\/univers"},{"@type":"ListItem","position":3,"name":"Get the Drays"}]},{"@type":"WebSite","@id":"https:\/\/the-drays.com\/en\/#website","url":"https:\/\/the-drays.com\/en\/","name":"The Drays","description":"","publisher":{"@id":"https:\/\/the-drays.com\/en\/#organization"},"potentialAction":[{"@type":"SearchAction","target":{"@type":"EntryPoint","urlTemplate":"https:\/\/the-drays.com\/en\/?s={search_term_string}"},"query-input":{"@type":"PropertyValueSpecification","valueRequired":true,"valueName":"search_term_string"}}],"inLanguage":"en-US"},{"@type":"Organization","@id":"https:\/\/the-drays.com\/en\/#organization","name":"The Drays","url":"https:\/\/the-drays.com\/en\/","logo":{"@type":"ImageObject","inLanguage":"en-US","@id":"https:\/\/the-drays.com\/en\/#\/schema\/logo\/image\/","url":"https:\/\/the-drays.com\/wp-content\/uploads\/2023\/12\/logo.svg","contentUrl":"https:\/\/the-drays.com\/wp-content\/uploads\/2023\/12\/logo.svg","caption":"The Drays"},"image":{"@id":"https:\/\/the-drays.com\/en\/#\/schema\/logo\/image\/"},"sameAs":["https:\/\/www.facebook.com\/people\/The-Drays\/61562628352791\/","https:\/\/www.instagram.com\/thedrays.brand\/"],"address":{"@type":"PostalAddress","addressCountry":"FR","addressLocality":"","postalCode":"","streetAddress":""}}]}},"_links":{"self":[{"href":"https:\/\/the-drays.com\/en\/wp-json\/wp\/v2\/pages\/3374"}],"collection":[{"href":"https:\/\/the-drays.com\/en\/wp-json\/wp\/v2\/pages"}],"about":[{"href":"https:\/\/the-drays.com\/en\/wp-json\/wp\/v2\/types\/page"}],"author":[{"embeddable":true,"href":"https:\/\/the-drays.com\/en\/wp-json\/wp\/v2\/users\/5"}],"replies":[{"embeddable":true,"href":"https:\/\/the-drays.com\/en\/wp-json\/wp\/v2\/comments?post=3374"}],"version-history":[{"count":6,"href":"https:\/\/the-drays.com\/en\/wp-json\/wp\/v2\/pages\/3374\/revisions"}],"predecessor-version":[{"id":3908,"href":"https:\/\/the-drays.com\/en\/wp-json\/wp\/v2\/pages\/3374\/revisions\/3908"}],"up":[{"embeddable":true,"href":"https:\/\/the-drays.com\/en\/wp-json\/wp\/v2\/pages\/3373"}],"wp:featuredmedia":[{"embeddable":true,"href":"https:\/\/the-drays.com\/en\/wp-json\/wp\/v2\/media\/837"}],"wp:attachment":[{"href":"https:\/\/the-drays.com\/en\/wp-json\/wp\/v2\/media?parent=3374"}],"curies":[{"name":"wp","href":"https:\/\/api.w.org\/{rel}","templated":true}]}}